{"id":136,"date":"2019-09-02T10:12:42","date_gmt":"2019-09-02T08:12:42","guid":{"rendered":"https:\/\/xn--clos-saint-franois-spa-e7b.fr\/accueil\/"},"modified":"2026-02-10T10:30:39","modified_gmt":"2026-02-10T09:30:39","slug":"accueil","status":"publish","type":"page","link":"https:\/\/xn--clos-saint-franois-spa-e7b.fr\/de\/","title":{"rendered":"Home"},"content":{"rendered":"","protected":false},"excerpt":{"rendered":"","protected":false},"author":2,"featured_media":0,"parent":0,"menu_order":0,"comment_status":"open","ping_status":"closed","template":"","meta":{"footnotes":""},"class_list":["post-136","page","type-page","status-publish","hentry"],"yoast_head":"<!-- This site is optimized with the Yoast SEO plugin v27.1.1 - https:\/\/yoast.com\/product\/yoast-seo-wordpress\/ -->\n<title>Home - Clos Saint-Fran\u00e7ois Spa<\/title>\n<meta name=\"description\" content=\"Entspannen Sie sich im Chalet des Clos Saint Fran\u00e7ois Spa, einer Oase der Ruhe und des Friedens auf den Anh\u00f6hen von Wangenbourg, in der N\u00e4he des Waldes.\" \/>\n<meta name=\"robots\" content=\"index, follow, max-snippet:-1, max-image-preview:large, max-video-preview:-1\" \/>\n<link rel=\"canonical\" href=\"https:\/\/xn--clos-saint-franois-spa-e7b.fr\/de\/\" \/>\n<meta property=\"og:locale\" content=\"de_DE\" \/>\n<meta property=\"og:type\" content=\"article\" \/>\n<meta property=\"og:title\" content=\"Home - Clos Saint-Fran\u00e7ois Spa\" \/>\n<meta property=\"og:description\" content=\"Entspannen Sie sich im Chalet des Clos Saint Fran\u00e7ois Spa, einer Oase der Ruhe und des Friedens auf den Anh\u00f6hen von Wangenbourg, in der N\u00e4he des Waldes.\" \/>\n<meta property=\"og:url\" content=\"https:\/\/xn--clos-saint-franois-spa-e7b.fr\/de\/\" \/>\n<meta property=\"og:site_name\" content=\"Clos Saint-Fran\u00e7ois Spa\" \/>\n<meta property=\"article:publisher\" content=\"https:\/\/www.facebook.com\/profile.php?id=61562490503131\" \/>\n<meta property=\"article:modified_time\" content=\"2026-02-10T09:30:39+00:00\" \/>\n<meta name=\"twitter:card\" content=\"summary_large_image\" \/>\n<script type=\"application\/ld+json\" class=\"yoast-schema-graph\">{\"@context\":\"https:\/\/schema.org\",\"@graph\":[{\"@type\":\"WebPage\",\"@id\":\"https:\/\/xn--clos-saint-franois-spa-e7b.fr\/de\/\",\"url\":\"https:\/\/xn--clos-saint-franois-spa-e7b.fr\/de\/\",\"name\":\"Home - Clos Saint-Fran\u00e7ois Spa\",\"isPartOf\":{\"@id\":\"https:\/\/xn--clos-saint-franois-spa-e7b.fr\/de\/#website\"},\"datePublished\":\"2019-09-02T08:12:42+00:00\",\"dateModified\":\"2026-02-10T09:30:39+00:00\",\"description\":\"Entspannen Sie sich im Chalet des Clos Saint Fran\u00e7ois Spa, einer Oase der Ruhe und des Friedens auf den Anh\u00f6hen von Wangenbourg, in der N\u00e4he des Waldes.\",\"breadcrumb\":{\"@id\":\"https:\/\/xn--clos-saint-franois-spa-e7b.fr\/de\/#breadcrumb\"},\"inLanguage\":\"de\",\"potentialAction\":[{\"@type\":\"ReadAction\",\"target\":[\"https:\/\/xn--clos-saint-franois-spa-e7b.fr\/de\/\"]}]},{\"@type\":\"BreadcrumbList\",\"@id\":\"https:\/\/xn--clos-saint-franois-spa-e7b.fr\/de\/#breadcrumb\",\"itemListElement\":[{\"@type\":\"ListItem\",\"position\":1,\"name\":\"Accueil\",\"item\":\"https:\/\/xn--clos-saint-franois-spa-e7b.fr\/de\/\"},{\"@type\":\"ListItem\",\"position\":2,\"name\":\"Home\"}]},{\"@type\":\"WebSite\",\"@id\":\"https:\/\/xn--clos-saint-franois-spa-e7b.fr\/de\/#website\",\"url\":\"https:\/\/xn--clos-saint-franois-spa-e7b.fr\/de\/\",\"name\":\"Clos Saint-Fran\u00e7ois Spa\",\"description\":\"\",\"publisher\":{\"@id\":\"https:\/\/xn--clos-saint-franois-spa-e7b.fr\/de\/#organization\"},\"potentialAction\":[{\"@type\":\"SearchAction\",\"target\":{\"@type\":\"EntryPoint\",\"urlTemplate\":\"https:\/\/xn--clos-saint-franois-spa-e7b.fr\/de\/?s={search_term_string}\"},\"query-input\":{\"@type\":\"PropertyValueSpecification\",\"valueRequired\":true,\"valueName\":\"search_term_string\"}}],\"inLanguage\":\"de\"},{\"@type\":\"Organization\",\"@id\":\"https:\/\/xn--clos-saint-franois-spa-e7b.fr\/de\/#organization\",\"name\":\"Clos Saint-Fran\u00e7ois Spa\",\"url\":\"https:\/\/xn--clos-saint-franois-spa-e7b.fr\/de\/\",\"logo\":{\"@type\":\"ImageObject\",\"inLanguage\":\"de\",\"@id\":\"https:\/\/xn--clos-saint-franois-spa-e7b.fr\/de\/#\/schema\/logo\/image\/\",\"url\":\"https:\/\/xn--clos-saint-franois-spa-e7b.fr\/wp-content\/uploads\/2024\/06\/logo-Clos-St-Francois_noir.svg\",\"contentUrl\":\"https:\/\/xn--clos-saint-franois-spa-e7b.fr\/wp-content\/uploads\/2024\/06\/logo-Clos-St-Francois_noir.svg\",\"caption\":\"Clos Saint-Fran\u00e7ois Spa\"},\"image\":{\"@id\":\"https:\/\/xn--clos-saint-franois-spa-e7b.fr\/de\/#\/schema\/logo\/image\/\"},\"sameAs\":[\"https:\/\/www.facebook.com\/profile.php?id=61562490503131\"]}]}<\/script>\n<!-- \/ Yoast SEO plugin. -->","yoast_head_json":{"title":"Home - Clos Saint-Fran\u00e7ois Spa","description":"Entspannen Sie sich im Chalet des Clos Saint Fran\u00e7ois Spa, einer Oase der Ruhe und des Friedens auf den Anh\u00f6hen von Wangenbourg, in der N\u00e4he des Waldes.","robots":{"index":"index","follow":"follow","max-snippet":"max-snippet:-1","max-image-preview":"max-image-preview:large","max-video-preview":"max-video-preview:-1"},"canonical":"https:\/\/xn--clos-saint-franois-spa-e7b.fr\/de\/","og_locale":"de_DE","og_type":"article","og_title":"Home - Clos Saint-Fran\u00e7ois Spa","og_description":"Entspannen Sie sich im Chalet des Clos Saint Fran\u00e7ois Spa, einer Oase der Ruhe und des Friedens auf den Anh\u00f6hen von Wangenbourg, in der N\u00e4he des Waldes.","og_url":"https:\/\/xn--clos-saint-franois-spa-e7b.fr\/de\/","og_site_name":"Clos Saint-Fran\u00e7ois Spa","article_publisher":"https:\/\/www.facebook.com\/profile.php?id=61562490503131","article_modified_time":"2026-02-10T09:30:39+00:00","twitter_card":"summary_large_image","schema":{"@context":"https:\/\/schema.org","@graph":[{"@type":"WebPage","@id":"https:\/\/xn--clos-saint-franois-spa-e7b.fr\/de\/","url":"https:\/\/xn--clos-saint-franois-spa-e7b.fr\/de\/","name":"Home - Clos Saint-Fran\u00e7ois Spa","isPartOf":{"@id":"https:\/\/xn--clos-saint-franois-spa-e7b.fr\/de\/#website"},"datePublished":"2019-09-02T08:12:42+00:00","dateModified":"2026-02-10T09:30:39+00:00","description":"Entspannen Sie sich im Chalet des Clos Saint Fran\u00e7ois Spa, einer Oase der Ruhe und des Friedens auf den Anh\u00f6hen von Wangenbourg, in der N\u00e4he des Waldes.","breadcrumb":{"@id":"https:\/\/xn--clos-saint-franois-spa-e7b.fr\/de\/#breadcrumb"},"inLanguage":"de","potentialAction":[{"@type":"ReadAction","target":["https:\/\/xn--clos-saint-franois-spa-e7b.fr\/de\/"]}]},{"@type":"BreadcrumbList","@id":"https:\/\/xn--clos-saint-franois-spa-e7b.fr\/de\/#breadcrumb","itemListElement":[{"@type":"ListItem","position":1,"name":"Accueil","item":"https:\/\/xn--clos-saint-franois-spa-e7b.fr\/de\/"},{"@type":"ListItem","position":2,"name":"Home"}]},{"@type":"WebSite","@id":"https:\/\/xn--clos-saint-franois-spa-e7b.fr\/de\/#website","url":"https:\/\/xn--clos-saint-franois-spa-e7b.fr\/de\/","name":"Clos Saint-Fran\u00e7ois Spa","description":"","publisher":{"@id":"https:\/\/xn--clos-saint-franois-spa-e7b.fr\/de\/#organization"},"potentialAction":[{"@type":"SearchAction","target":{"@type":"EntryPoint","urlTemplate":"https:\/\/xn--clos-saint-franois-spa-e7b.fr\/de\/?s={search_term_string}"},"query-input":{"@type":"PropertyValueSpecification","valueRequired":true,"valueName":"search_term_string"}}],"inLanguage":"de"},{"@type":"Organization","@id":"https:\/\/xn--clos-saint-franois-spa-e7b.fr\/de\/#organization","name":"Clos Saint-Fran\u00e7ois Spa","url":"https:\/\/xn--clos-saint-franois-spa-e7b.fr\/de\/","logo":{"@type":"ImageObject","inLanguage":"de","@id":"https:\/\/xn--clos-saint-franois-spa-e7b.fr\/de\/#\/schema\/logo\/image\/","url":"https:\/\/xn--clos-saint-franois-spa-e7b.fr\/wp-content\/uploads\/2024\/06\/logo-Clos-St-Francois_noir.svg","contentUrl":"https:\/\/xn--clos-saint-franois-spa-e7b.fr\/wp-content\/uploads\/2024\/06\/logo-Clos-St-Francois_noir.svg","caption":"Clos Saint-Fran\u00e7ois Spa"},"image":{"@id":"https:\/\/xn--clos-saint-franois-spa-e7b.fr\/de\/#\/schema\/logo\/image\/"},"sameAs":["https:\/\/www.facebook.com\/profile.php?id=61562490503131"]}]}},"_links":{"self":[{"href":"https:\/\/xn--clos-saint-franois-spa-e7b.fr\/de\/wp-json\/wp\/v2\/pages\/136","targetHints":{"allow":["GET"]}}],"collection":[{"href":"https:\/\/xn--clos-saint-franois-spa-e7b.fr\/de\/wp-json\/wp\/v2\/pages"}],"about":[{"href":"https:\/\/xn--clos-saint-franois-spa-e7b.fr\/de\/wp-json\/wp\/v2\/types\/page"}],"author":[{"embeddable":true,"href":"https:\/\/xn--clos-saint-franois-spa-e7b.fr\/de\/wp-json\/wp\/v2\/users\/2"}],"replies":[{"embeddable":true,"href":"https:\/\/xn--clos-saint-franois-spa-e7b.fr\/de\/wp-json\/wp\/v2\/comments?post=136"}],"version-history":[{"count":1,"href":"https:\/\/xn--clos-saint-franois-spa-e7b.fr\/de\/wp-json\/wp\/v2\/pages\/136\/revisions"}],"predecessor-version":[{"id":226,"href":"https:\/\/xn--clos-saint-franois-spa-e7b.fr\/de\/wp-json\/wp\/v2\/pages\/136\/revisions\/226"}],"wp:attachment":[{"href":"https:\/\/xn--clos-saint-franois-spa-e7b.fr\/de\/wp-json\/wp\/v2\/media?parent=136"}],"curies":[{"name":"wp","href":"https:\/\/api.w.org\/{rel}","templated":true}]}}