{"id":140,"date":"2019-09-05T12:48:17","date_gmt":"2019-09-05T10:48:17","guid":{"rendered":"https:\/\/xn--clos-saint-franois-spa-e7b.fr\/tarifs\/"},"modified":"2026-02-10T15:48:38","modified_gmt":"2026-02-10T14:48:38","slug":"preise","status":"publish","type":"page","link":"https:\/\/xn--clos-saint-franois-spa-e7b.fr\/de\/preise\/","title":{"rendered":"Preise"},"content":{"rendered":"","protected":false},"excerpt":{"rendered":"","protected":false},"author":2,"featured_media":0,"parent":0,"menu_order":0,"comment_status":"open","ping_status":"closed","template":"","meta":{"footnotes":""},"class_list":["post-140","page","type-page","status-publish","hentry"],"yoast_head":"<!-- This site is optimized with the Yoast SEO plugin v27.1.1 - https:\/\/yoast.com\/product\/yoast-seo-wordpress\/ -->\n<title>Preise - Clos Saint-Fran\u00e7ois Spa<\/title>\n<meta name=\"description\" content=\"Hier finden Sie die Preise des Clos Saint-Fran\u00e7ois Spa f\u00fcr nur die m\u00f6blierten Zimmer oder um das komplette Chalet f\u00fcr 15 Personen zu mieten.\" \/>\n<meta name=\"robots\" content=\"index, follow, max-snippet:-1, max-image-preview:large, max-video-preview:-1\" \/>\n<link rel=\"canonical\" href=\"https:\/\/xn--clos-saint-franois-spa-e7b.fr\/de\/preise\/\" \/>\n<meta property=\"og:locale\" content=\"de_DE\" \/>\n<meta property=\"og:type\" content=\"article\" \/>\n<meta property=\"og:title\" content=\"Preise - Clos Saint-Fran\u00e7ois Spa\" \/>\n<meta property=\"og:description\" content=\"Hier finden Sie die Preise des Clos Saint-Fran\u00e7ois Spa f\u00fcr nur die m\u00f6blierten Zimmer oder um das komplette Chalet f\u00fcr 15 Personen zu mieten.\" \/>\n<meta property=\"og:url\" content=\"https:\/\/xn--clos-saint-franois-spa-e7b.fr\/de\/preise\/\" \/>\n<meta property=\"og:site_name\" content=\"Clos Saint-Fran\u00e7ois Spa\" \/>\n<meta property=\"article:publisher\" content=\"https:\/\/www.facebook.com\/profile.php?id=61562490503131\" \/>\n<meta property=\"article:modified_time\" content=\"2026-02-10T14:48:38+00:00\" \/>\n<meta name=\"twitter:card\" content=\"summary_large_image\" \/>\n<script type=\"application\/ld+json\" class=\"yoast-schema-graph\">{\"@context\":\"https:\/\/schema.org\",\"@graph\":[{\"@type\":\"WebPage\",\"@id\":\"https:\/\/xn--clos-saint-franois-spa-e7b.fr\/de\/preise\/\",\"url\":\"https:\/\/xn--clos-saint-franois-spa-e7b.fr\/de\/preise\/\",\"name\":\"Preise - Clos Saint-Fran\u00e7ois Spa\",\"isPartOf\":{\"@id\":\"https:\/\/xn--clos-saint-franois-spa-e7b.fr\/de\/#website\"},\"datePublished\":\"2019-09-05T10:48:17+00:00\",\"dateModified\":\"2026-02-10T14:48:38+00:00\",\"description\":\"Hier finden Sie die Preise des Clos Saint-Fran\u00e7ois Spa f\u00fcr nur die m\u00f6blierten Zimmer oder um das komplette Chalet f\u00fcr 15 Personen zu mieten.\",\"breadcrumb\":{\"@id\":\"https:\/\/xn--clos-saint-franois-spa-e7b.fr\/de\/preise\/#breadcrumb\"},\"inLanguage\":\"de\",\"potentialAction\":[{\"@type\":\"ReadAction\",\"target\":[\"https:\/\/xn--clos-saint-franois-spa-e7b.fr\/de\/preise\/\"]}]},{\"@type\":\"BreadcrumbList\",\"@id\":\"https:\/\/xn--clos-saint-franois-spa-e7b.fr\/de\/preise\/#breadcrumb\",\"itemListElement\":[{\"@type\":\"ListItem\",\"position\":1,\"name\":\"Accueil\",\"item\":\"https:\/\/xn--clos-saint-franois-spa-e7b.fr\/de\/\"},{\"@type\":\"ListItem\",\"position\":2,\"name\":\"Preise\"}]},{\"@type\":\"WebSite\",\"@id\":\"https:\/\/xn--clos-saint-franois-spa-e7b.fr\/de\/#website\",\"url\":\"https:\/\/xn--clos-saint-franois-spa-e7b.fr\/de\/\",\"name\":\"Clos Saint-Fran\u00e7ois Spa\",\"description\":\"\",\"publisher\":{\"@id\":\"https:\/\/xn--clos-saint-franois-spa-e7b.fr\/de\/#organization\"},\"potentialAction\":[{\"@type\":\"SearchAction\",\"target\":{\"@type\":\"EntryPoint\",\"urlTemplate\":\"https:\/\/xn--clos-saint-franois-spa-e7b.fr\/de\/?s={search_term_string}\"},\"query-input\":{\"@type\":\"PropertyValueSpecification\",\"valueRequired\":true,\"valueName\":\"search_term_string\"}}],\"inLanguage\":\"de\"},{\"@type\":\"Organization\",\"@id\":\"https:\/\/xn--clos-saint-franois-spa-e7b.fr\/de\/#organization\",\"name\":\"Clos Saint-Fran\u00e7ois Spa\",\"url\":\"https:\/\/xn--clos-saint-franois-spa-e7b.fr\/de\/\",\"logo\":{\"@type\":\"ImageObject\",\"inLanguage\":\"de\",\"@id\":\"https:\/\/xn--clos-saint-franois-spa-e7b.fr\/de\/#\/schema\/logo\/image\/\",\"url\":\"https:\/\/xn--clos-saint-franois-spa-e7b.fr\/wp-content\/uploads\/2024\/06\/logo-Clos-St-Francois_noir.svg\",\"contentUrl\":\"https:\/\/xn--clos-saint-franois-spa-e7b.fr\/wp-content\/uploads\/2024\/06\/logo-Clos-St-Francois_noir.svg\",\"caption\":\"Clos Saint-Fran\u00e7ois Spa\"},\"image\":{\"@id\":\"https:\/\/xn--clos-saint-franois-spa-e7b.fr\/de\/#\/schema\/logo\/image\/\"},\"sameAs\":[\"https:\/\/www.facebook.com\/profile.php?id=61562490503131\"]}]}<\/script>\n<!-- \/ Yoast SEO plugin. -->","yoast_head_json":{"title":"Preise - Clos Saint-Fran\u00e7ois Spa","description":"Hier finden Sie die Preise des Clos Saint-Fran\u00e7ois Spa f\u00fcr nur die m\u00f6blierten Zimmer oder um das komplette Chalet f\u00fcr 15 Personen zu mieten.","robots":{"index":"index","follow":"follow","max-snippet":"max-snippet:-1","max-image-preview":"max-image-preview:large","max-video-preview":"max-video-preview:-1"},"canonical":"https:\/\/xn--clos-saint-franois-spa-e7b.fr\/de\/preise\/","og_locale":"de_DE","og_type":"article","og_title":"Preise - Clos Saint-Fran\u00e7ois Spa","og_description":"Hier finden Sie die Preise des Clos Saint-Fran\u00e7ois Spa f\u00fcr nur die m\u00f6blierten Zimmer oder um das komplette Chalet f\u00fcr 15 Personen zu mieten.","og_url":"https:\/\/xn--clos-saint-franois-spa-e7b.fr\/de\/preise\/","og_site_name":"Clos Saint-Fran\u00e7ois Spa","article_publisher":"https:\/\/www.facebook.com\/profile.php?id=61562490503131","article_modified_time":"2026-02-10T14:48:38+00:00","twitter_card":"summary_large_image","schema":{"@context":"https:\/\/schema.org","@graph":[{"@type":"WebPage","@id":"https:\/\/xn--clos-saint-franois-spa-e7b.fr\/de\/preise\/","url":"https:\/\/xn--clos-saint-franois-spa-e7b.fr\/de\/preise\/","name":"Preise - Clos Saint-Fran\u00e7ois Spa","isPartOf":{"@id":"https:\/\/xn--clos-saint-franois-spa-e7b.fr\/de\/#website"},"datePublished":"2019-09-05T10:48:17+00:00","dateModified":"2026-02-10T14:48:38+00:00","description":"Hier finden Sie die Preise des Clos Saint-Fran\u00e7ois Spa f\u00fcr nur die m\u00f6blierten Zimmer oder um das komplette Chalet f\u00fcr 15 Personen zu mieten.","breadcrumb":{"@id":"https:\/\/xn--clos-saint-franois-spa-e7b.fr\/de\/preise\/#breadcrumb"},"inLanguage":"de","potentialAction":[{"@type":"ReadAction","target":["https:\/\/xn--clos-saint-franois-spa-e7b.fr\/de\/preise\/"]}]},{"@type":"BreadcrumbList","@id":"https:\/\/xn--clos-saint-franois-spa-e7b.fr\/de\/preise\/#breadcrumb","itemListElement":[{"@type":"ListItem","position":1,"name":"Accueil","item":"https:\/\/xn--clos-saint-franois-spa-e7b.fr\/de\/"},{"@type":"ListItem","position":2,"name":"Preise"}]},{"@type":"WebSite","@id":"https:\/\/xn--clos-saint-franois-spa-e7b.fr\/de\/#website","url":"https:\/\/xn--clos-saint-franois-spa-e7b.fr\/de\/","name":"Clos Saint-Fran\u00e7ois Spa","description":"","publisher":{"@id":"https:\/\/xn--clos-saint-franois-spa-e7b.fr\/de\/#organization"},"potentialAction":[{"@type":"SearchAction","target":{"@type":"EntryPoint","urlTemplate":"https:\/\/xn--clos-saint-franois-spa-e7b.fr\/de\/?s={search_term_string}"},"query-input":{"@type":"PropertyValueSpecification","valueRequired":true,"valueName":"search_term_string"}}],"inLanguage":"de"},{"@type":"Organization","@id":"https:\/\/xn--clos-saint-franois-spa-e7b.fr\/de\/#organization","name":"Clos Saint-Fran\u00e7ois Spa","url":"https:\/\/xn--clos-saint-franois-spa-e7b.fr\/de\/","logo":{"@type":"ImageObject","inLanguage":"de","@id":"https:\/\/xn--clos-saint-franois-spa-e7b.fr\/de\/#\/schema\/logo\/image\/","url":"https:\/\/xn--clos-saint-franois-spa-e7b.fr\/wp-content\/uploads\/2024\/06\/logo-Clos-St-Francois_noir.svg","contentUrl":"https:\/\/xn--clos-saint-franois-spa-e7b.fr\/wp-content\/uploads\/2024\/06\/logo-Clos-St-Francois_noir.svg","caption":"Clos Saint-Fran\u00e7ois Spa"},"image":{"@id":"https:\/\/xn--clos-saint-franois-spa-e7b.fr\/de\/#\/schema\/logo\/image\/"},"sameAs":["https:\/\/www.facebook.com\/profile.php?id=61562490503131"]}]}},"_links":{"self":[{"href":"https:\/\/xn--clos-saint-franois-spa-e7b.fr\/de\/wp-json\/wp\/v2\/pages\/140","targetHints":{"allow":["GET"]}}],"collection":[{"href":"https:\/\/xn--clos-saint-franois-spa-e7b.fr\/de\/wp-json\/wp\/v2\/pages"}],"about":[{"href":"https:\/\/xn--clos-saint-franois-spa-e7b.fr\/de\/wp-json\/wp\/v2\/types\/page"}],"author":[{"embeddable":true,"href":"https:\/\/xn--clos-saint-franois-spa-e7b.fr\/de\/wp-json\/wp\/v2\/users\/2"}],"replies":[{"embeddable":true,"href":"https:\/\/xn--clos-saint-franois-spa-e7b.fr\/de\/wp-json\/wp\/v2\/comments?post=140"}],"version-history":[{"count":1,"href":"https:\/\/xn--clos-saint-franois-spa-e7b.fr\/de\/wp-json\/wp\/v2\/pages\/140\/revisions"}],"predecessor-version":[{"id":257,"href":"https:\/\/xn--clos-saint-franois-spa-e7b.fr\/de\/wp-json\/wp\/v2\/pages\/140\/revisions\/257"}],"wp:attachment":[{"href":"https:\/\/xn--clos-saint-franois-spa-e7b.fr\/de\/wp-json\/wp\/v2\/media?parent=140"}],"curies":[{"name":"wp","href":"https:\/\/api.w.org\/{rel}","templated":true}]}}